{"id":36,"date":"2025-09-25T19:57:59","date_gmt":"2025-09-25T19:57:59","guid":{"rendered":"https:\/\/bredow-henze.de\/?page_id=36"},"modified":"2026-01-03T15:25:12","modified_gmt":"2026-01-03T15:25:12","slug":"kontakt","status":"publish","type":"page","link":"https:\/\/bredow-henze.de\/?page_id=36","title":{"rendered":"IMPRESSUM"},"content":{"rendered":"\n<p><strong>Impressum<\/strong><strong><\/strong><\/p>\n\n\n\n<hr class=\"wp-block-separator has-alpha-channel-opacity\"\/>\n\n\n\n<p><strong>Angaben gem\u00e4\u00df \u00a7 5 DDG (Deutschland)<\/strong><\/p>\n\n\n\n<p><strong>H\u00f6r mich Coaching \u2013 Elterncoaching mit Herz<\/strong><br>Inhaberin: Marlies Bredow-Henze<br>Koopmannweg 49 a<br>26125 Oldenburg<br>+49 176 55409915<\/p>\n\n\n\n<p>marliesbredow@yahoo.de<\/p>\n\n\n\n<hr class=\"wp-block-separator has-alpha-channel-opacity\"\/>\n\n\n\n<p><strong>Verantwortlich f\u00fcr den Inhalt gem\u00e4\u00df \u00a7 18 DDG<\/strong><br>Marlies Bredow-Henze<br>Anschrift wie oben<\/p>\n\n\n\n<hr class=\"wp-block-separator has-alpha-channel-opacity\"\/>\n\n\n\n<p><strong>Umsatzsteuer-\/Steuernummer<\/strong><br>USt-ID gem. \u00a7 27a UStG: 64\/117\/14642 FA Oldenburg<br>Steuernummer:<\/p>\n\n\n\n<hr class=\"wp-block-separator has-alpha-channel-opacity\"\/>\n\n\n\n<p><strong>Beruf und Berufsbezeichnung<\/strong><\/p>\n\n\n\n<p><strong>Dipl. Betriebswirtin WA<\/strong><br>Elterncoach \/ Mindset-Trainerin, Mentorin<\/p>\n\n\n\n<hr class=\"wp-block-separator has-alpha-channel-opacity\"\/>\n\n\n\n<p><strong>Haftungsausschluss (Disclaimer)<\/strong><br>Trotz sorgf\u00e4ltiger inhaltlicher Kontrolle \u00fcbernehme ich keine Haftung f\u00fcr die Inhalte externer Links. F\u00fcr den Inhalt der verlinkten Seiten sind ausschlie\u00dflich deren Betreiber verantwortlich.<\/p>\n","protected":false},"excerpt":{"rendered":"<p>Impressum Angaben gem\u00e4\u00df \u00a7 5 DDG (Deutschland) H\u00f6r mich Coaching \u2013 Elterncoaching mit HerzInhaberin: Marlies Bredow-HenzeKoopmannweg 49 a26125 Oldenburg+49 176 55409915 marliesbredow@yahoo.de Verantwortlich f\u00fcr den Inhalt gem\u00e4\u00df \u00a7 18 DDGMarlies Bredow-HenzeAnschrift wie oben Umsatzsteuer-\/SteuernummerUSt-ID gem. \u00a7 27a UStG: 64\/117\/14642 FA OldenburgSteuernummer: Beruf und Berufsbezeichnung Dipl. Betriebswirtin WAElterncoach \/ Mindset-Trainerin, Mentorin Haftungsausschluss (Disclaimer)Trotz sorgf\u00e4ltiger inhaltlicher Kontrolle<\/p>\n<p class=\"more-link\"><a href=\"https:\/\/bredow-henze.de\/?page_id=36\" class=\"themebutton2\">Read More<\/a><\/p>\n","protected":false},"author":2,"featured_media":0,"parent":0,"menu_order":0,"comment_status":"closed","ping_status":"closed","template":"","meta":{"footnotes":""},"class_list":["post-36","page","type-page","status-publish","hentry"],"_links":{"self":[{"href":"https:\/\/bredow-henze.de\/index.php?rest_route=\/wp\/v2\/pages\/36","targetHints":{"allow":["GET"]}}],"collection":[{"href":"https:\/\/bredow-henze.de\/index.php?rest_route=\/wp\/v2\/pages"}],"about":[{"href":"https:\/\/bredow-henze.de\/index.php?rest_route=\/wp\/v2\/types\/page"}],"author":[{"embeddable":true,"href":"https:\/\/bredow-henze.de\/index.php?rest_route=\/wp\/v2\/users\/2"}],"replies":[{"embeddable":true,"href":"https:\/\/bredow-henze.de\/index.php?rest_route=%2Fwp%2Fv2%2Fcomments&post=36"}],"version-history":[{"count":5,"href":"https:\/\/bredow-henze.de\/index.php?rest_route=\/wp\/v2\/pages\/36\/revisions"}],"predecessor-version":[{"id":113,"href":"https:\/\/bredow-henze.de\/index.php?rest_route=\/wp\/v2\/pages\/36\/revisions\/113"}],"wp:attachment":[{"href":"https:\/\/bredow-henze.de\/index.php?rest_route=%2Fwp%2Fv2%2Fmedia&parent=36"}],"curies":[{"name":"wp","href":"https:\/\/api.w.org\/{rel}","templated":true}]}}